{"id":3071,"date":"2017-05-09T14:04:22","date_gmt":"2017-05-09T14:04:22","guid":{"rendered":"http:\/\/ju1.gundf-testingserver.de\/references\/"},"modified":"2020-10-06T07:30:59","modified_gmt":"2020-10-06T07:30:59","slug":"references","status":"publish","type":"page","link":"https:\/\/www.ju.eu\/en\/company\/references\/","title":{"rendered":"References"},"content":{"rendered":"<div class=\"wpb-content-wrapper\"><p>[vc_row][vc_column][vc_single_image image=&#8221;4347&#8243; img_size=&#8221;full&#8221;][\/vc_column][\/vc_row][vc_row][vc_column width=&#8221;1\/6&#8243;][\/vc_column][vc_column width=&#8221;2\/3&#8243;][vc_custom_heading text=&#8221;References&#8221; use_theme_fonts=&#8221;yes&#8221;][vc_empty_space]\r\r\n\t\t\t\t<style type='text\/css'>\r\r\n\t\t\t\t\t#gallery-1 {\r\r\n\t\t\t\t\tmargin: auto;\r\r\n\t\t\t\t\t}\r\r\n\t\t\t\t\t#gallery-1 .fg-gallery-item {\r\r\n\t\t\t\t\tfloat: left;\r\r\n\t\t\t\t\tmargin-top: 10px;\r\r\n\t\t\t\t\ttext-align: center;\r\r\n\t\t\t\t\twidth: 33%;\r\r\n\t\t\t\t\t}\r\r\n\t\t\t\t\t#gallery-1 .fg-gallery-caption {\r\r\n\t\t\t\t\tmargin-left: 0;\r\r\n\t\t\t\t\t}\r\r\n\t\t\t\t\t#gallery-1.fastgallery .fg-gallery-caption, \r\r\n\t\t\t\t\t#gallery-1.fastgallery .fg-gallery-caption:hover {\r\r\n\t\t\t\t\t\tbackground-color:rgba( 255 , 255 , 255 , 1);\r\r\n\t\t\t\t\t}\r\r\n\t\t\t\t\t#gallery-1.fastgallery.gallery .fastgallery-gallery-icon .fg_zoom a, \r\r\n\t\t\t\t\t#gallery-1.fastgallery.gallery .fastgallery-gallery-icon .fg_zoom a:hover {\r\r\n\t\t\t\t\t\tcolor:#ffffff;\r\r\n\t\t\t\t\t}\r\r\n\t\t\t\t\t#gallery-1.fastgallery.fg_style1 .fg-gallery-caption {\r\r\n\t\t\t\t\t\tcolor:#000000;\t\r\r\n\t\t\t\t\t}\r\r\n\t\t\t\t\t#gallery-1.fastgallery.gallery.fg_style2 .fastgallery-gallery-icon .fg_zoom a {\r\r\n\t\t\t\t\t\tbackground:rgba( 0 , 0 , 0 , 0.3);\r\r\n\t\t\t\t\t}\r\r\n\t\t\t\t\t#gallery-1.fastgallery.fg_style2 .fg-gallery-caption {\r\r\n\t\t\t\t\t\tcolor:#000000;\t\r\r\n\t\t\t\t\t}\t\t\t\r\r\n\t\t\t\t\t#gallery-1.fastgallery.gallery.fg_style3 .fg_zoom, #gallery-1.fastgallery.gallery.fg_style3 .fg_zoom:hover {\r\r\n\t\t\t\t\t\tbackground:rgba( 255 , 255 , 255 , 1);\r\r\n\t\t\t\t\t}\r\r\n\t\t\t\t\t#gallery-1.fastgallery.fg_style3 .fg-gallery-caption {\r\r\n\t\t\t\t\t\tcolor:#000000;\t\r\r\n\t\t\t\t\t}\t\t\t\t\r\r\n\t\t\t\t\t#gallery-1.fastgallery.fg_style4 .fg-gallery-caption,\t\t\t\r\r\n\t\t\t\t\t#gallery-1.fastgallery.gallery.fg_style4 .fastgallery-gallery-icon .fg_zoom a, \r\r\n\t\t\t\t\t#gallery-1.fastgallery.gallery.fg_style4 .fastgallery-gallery-icon .fg_zoom a:hover {\r\r\n\t\t\t\t\t\tcolor:#000000;\r\r\n\t\t\t\t\t}\r\r\n\t\t\t\t\t#gallery-1.fastgallery.gallery.fg_style4 .fastgallery-gallery-icon .fg_zoom a, \r\r\n\t\t\t\t\t#gallery-1.fastgallery.gallery.fg_style4 .fastgallery-gallery-icon .fg_zoom a:hover\t{\r\r\n\t\t\t\t\t\tbackground:rgba( 255 , 255 , 255 , 1);\r\r\n\t\t\t\t\t}\t\t\t\r\r\n\t\t\t\t\t#gallery-1.fastgallery.gallery.fg_style5 .fastgallery-gallery-icon .fg_zoom a, \r\r\n\t\t\t\t\t#gallery-1.fastgallery.gallery.fg_style5 .fastgallery-gallery-icon .fg_zoom a:hover\t{\r\r\n\t\t\t\t\t\tcolor:#000000;\r\r\n\t\t\t\t\t\tbackground-color:rgba( 255 , 255 , 255 , 1);\r\r\n\t\t\t\t\t}\t\t\t\t\t\r\r\n\t\t\t\t\t#gallery-1.fastgallery.gallery.fg_style6 .fastgallery-gallery-icon .fg_zoom a,\r\r\n\t\t\t\t\t#gallery-1.fastgallery.gallery.fg_style6 .fastgallery-gallery-icon .fg_zoom a:hover {\r\r\n\t\t\t\t\t\tcolor:#000000;\r\r\n\t\t\t\t\t\tbackground:rgba( 255 , 255 , 255 , 1);\t\t\t\t\r\r\n\t\t\t\t\t}\r\r\n\t\t\t\t\r\r\n\t\t\t\t\t#gallery-1.fastgallery.fg_style6 .fg-gallery-caption {\r\r\n\t\t\t\t\t\tcolor:#000000;\t\r\r\n\t\t\t\t\t}\r\r\n\t\t\t\t\t#gallery-1.fastgallery.gallery.fg_style7 .fastgallery-gallery-icon .fg_zoom a,\r\r\n\t\t\t\t\t#gallery-1.fastgallery.gallery.fg_style7 .fastgallery-gallery-icon .fg_zoom a:hover {\r\r\n\t\t\t\t\t\tcolor:#000000;\r\r\n\t\t\t\t\t\tbackground:rgba( 255 , 255 , 255 , 1);\t\t\t\t\r\r\n\t\t\t\t\t}\t\t\r\r\n\t\t\t\t\t#gallery-1.fastgallery.fg_style7 .fg-gallery-caption {\r\r\n\t\t\t\t\t\tcolor:#000000;\t\r\r\n\t\t\t\t\t}\r\r\n\t\t\t\t\t\r\r\n\t\t\t\t\t#gallery-1.fastgallery.gallery.fg_style8 .fastgallery-gallery-icon .fg_zoom a,\r\r\n\t\t\t\t\t#gallery-1.fastgallery.gallery.fg_style8 .fastgallery-gallery-icon .fg_zoom a:hover {\r\r\n\t\t\t\t\t\tcolor:#000000;\r\r\n\t\t\t\t\t\tbackground:rgba( 255 , 255 , 255 , 1);\t\t\t\t\r\r\n\t\t\t\t\t}\r\r\n\t\t\t\t\r\r\n\t\t\t\t\t#gallery-1.fastgallery.fg_style8 .fg-gallery-caption {\r\r\n\t\t\t\t\t\tcolor:#000000;\t\r\r\n\t\t\t\t\t}\r\r\n\t\t\t\t\t\r\r\n\t\t\t\t\t#gallery-1.fastgallery.gallery.fg_style9 .fastgallery-gallery-icon .fg_zoom a,\r\r\n\t\t\t\t\t#gallery-1.fastgallery.gallery.fg_style9 .fastgallery-gallery-icon .fg_zoom a:hover {\r\r\n\t\t\t\t\t\tcolor:#000000;\r\r\n\t\t\t\t\t\tbackground:rgba( 255 , 255 , 255 , 1);\t\t\t\t\r\r\n\t\t\t\t\t}\t\t\r\r\n\t\t\t\t\t#gallery-1.fastgallery.fg_style9 .fg-gallery-caption {\r\r\n\t\t\t\t\t\tcolor:#000000;\t\r\r\n\t\t\t\t\t}\r\r\n\t\t\t\t\t\r\r\n\t\t\t\t\t#gallery-1.fastgallery.gallery.fg_style10 .fastgallery-gallery-icon .fg_zoom a,\r\r\n\t\t\t\t\t#gallery-1.fastgallery.gallery.fg_style10 .fastgallery-gallery-icon .fg_zoom a:hover {\r\r\n\t\t\t\t\t\tcolor:#000000;\r\r\n\t\t\t\t\t\tbackground:rgba( 255 , 255 , 255 , 1);\t\t\t\t\r\r\n\t\t\t\t\t}\t\t\r\r\n\t\t\t\t\t#gallery-1.fastgallery.fg_style10 .fg-gallery-caption {\r\r\n\t\t\t\t\t\tcolor:#000000;\t\r\r\n\t\t\t\t\t}\r\r\n\t\t\t\t\t#gallery-1.fastgallery.fg_style11 .fg-gallery-caption {\r\r\n\t\t\t\t\t\tcolor:#000000;\t\r\r\n\t\t\t\t\t}\r\r\n\t\t\t\t\t#gallery-1.fastgallery.fg_style11 .fastgallery-gallery-icon .fg_zoom a, \r\r\n\t\t\t\t\t#gallery-1.fastgallery.fg_style11 .fastgallery-gallery-icon .fg_zoom a:hover {\r\r\n\t\t\t\t\t\tcolor:#ffffff;\r\r\n\t\t\t\t\t\tbackground:rgba( 0 , 0 , 0 , 0.3);\r\r\n\t\t\t\t\t}\r\r\n\t\t\t\t\t#gallery-1.fastgallery.fg_style12 .fg-gallery-caption {\r\r\n\t\t\t\t\t\tcolor:#000000;\t\r\r\n\t\t\t\t\t}\r\r\n\t\t\t\t\t#gallery-1.fastgallery.fg_style12 .fastgallery-gallery-icon .fg_zoom a, \r\r\n\t\t\t\t\t#gallery-1.fastgallery.fg_style12 .fastgallery-gallery-icon .fg_zoom a:hover {\r\r\n\t\t\t\t\t\tcolor:#ffffff;\r\r\n\t\t\t\t\t\tbackground:rgba( 0 , 0 , 0 , 0.3);\r\r\n\t\t\t\t\t}\t\t\t\t\t\t\t\t\t\t\t\t\t\t\t\t\r\r\n\t\t\t\t\t\/* FOTORAMA *\/\r\r\n\t\t\t\t\t#gallery-1.fastgallery.fotorama.fg_style1 .fotorama__thumb-border {\r\r\n\t\t\t\t\t\tborder-color:rgba( 255 , 255 , 255 , 1);\r\r\n\t\t\t\t\t}\r\r\n\t\t\t\t\t#gallery-1.fastgallery.fotorama.fg_style1 .fotorama__html > div {\r\r\n\t\t\t\t\t\tbackground:rgba( 255 , 255 , 255 , 1);\r\r\n\t\t\t\t\t\tcolor:#000000;\r\r\n\t\t\t\t\t}\r\r\n\t\t\t\t\t#gallery-1.fastgallery.fotorama.fg_style2 .fotorama__thumb-border {\r\r\n\t\t\t\t\t\tborder-color:rgba( 255 , 255 , 255 , 1);\r\r\n\t\t\t\t\t}\r\r\n\t\t\t\t\t#gallery-1.fastgallery.fotorama.fg_style2 .fotorama__html > div {\r\r\n\t\t\t\t\t\tbackground:rgba( 255 , 255 , 255 , 1);\r\r\n\t\t\t\t\t\tcolor:#000000;\r\r\n\t\t\t\t\t}\r\r\n\t\t\t\t\t#gallery-1.fastgallery.fotorama.fg_style3 .fotorama__thumb-border {\r\r\n\t\t\t\t\t\tborder-color:rgba( 255 , 255 , 255 , 1);\r\r\n\t\t\t\t\t}\t\t\t\t\t\t\r\r\n\t\t\t\t\t#gallery-1.fastgallery.fotorama.fg_style3 .fotorama__html > div {\r\r\n\t\t\t\t\t\tcolor:#000000;\r\r\n\t\t\t\t\t}\r\r\n\t\t\t\t\t#gallery-1.fastgallery.fotorama.fg_style4 .fotorama__thumb-border {\r\r\n\t\t\t\t\t\tborder-color:rgba( 255 , 255 , 255 , 1);\r\r\n\t\t\t\t\t}\t\t\t\t\t\t\r\r\n\t\t\t\t\t#gallery-1.fastgallery.fotorama.fg_style4 .fotorama__html > div {\r\r\n\t\t\t\t\t\tcolor:#000000;\r\r\n\t\t\t\t\t}\r\r\n\t\t\t\t\t#gallery-1.fastgallery.fotorama.fg_style5 .fotorama__thumb-border {\r\r\n\t\t\t\t\t\tborder-color:rgba( 255 , 255 , 255 , 1);\r\r\n\t\t\t\t\t\tbackground:rgba( 255 , 255 , 255 , 1);\r\r\n\t\t\t\t\t}\t\t\t\t\t\t\r\r\n\t\t\t\t\t#gallery-1.fastgallery.fotorama.fg_style5 .fotorama__html > div {\r\r\n\t\t\t\t\t\tcolor:#000000;\r\r\n\t\t\t\t\t}\r\r\n\t\t\t\t\t#gallery-1.fastgallery.fotorama.fg_style6 .fotorama__thumb-border {\r\r\n\t\t\t\t\t\tborder-color:rgba( 255 , 255 , 255 , 1);\r\r\n\t\t\t\t\t\tbackground:rgba( 255 , 255 , 255 , 1);\r\r\n\t\t\t\t\t}\t\t\t\t\t\t\r\r\n\t\t\t\t\t#gallery-1.fastgallery.fotorama.fg_style6 .fotorama__html > div {\r\r\n\t\t\t\t\t\tcolor:#000000;\r\r\n\t\t\t\t\t}\r\r\n\t\t\t\t\t#gallery-1.fastgallery.fotorama.fg_style7 .fotorama__thumb-border {\r\r\n\t\t\t\t\t\tborder-color:rgba( 255 , 255 , 255 , 1);\r\r\n\t\t\t\t\t\tbackground:rgba( 255 , 255 , 255 , 1);\r\r\n\t\t\t\t\t}\t\t\t\t\t\t\r\r\n\t\t\t\t\t#gallery-1.fastgallery.fotorama.fg_style7 .fotorama__html > div {\r\r\n\t\t\t\t\t\tcolor:#000000;\r\r\n\t\t\t\t\t\tbackground:rgba( 255 , 255 , 255 , 1);\r\r\n\t\t\t\t\t}\r\r\n\t\t\t\t\t#gallery-1.fastgallery.fotorama.fg_style8 .fotorama__thumb-border {\r\r\n\t\t\t\t\t\tborder-color:rgba( 255 , 255 , 255 , 1);\r\r\n\t\t\t\t\t\tbackground:rgba( 255 , 255 , 255 , 1);\r\r\n\t\t\t\t\t}\t\t\t\t\t\t\r\r\n\t\t\t\t\t#gallery-1.fastgallery.fotorama.fg_style8 .fotorama__html > div {\r\r\n\t\t\t\t\t\tcolor:#000000;\r\r\n\t\t\t\t\t\tbackground:rgba( 255 , 255 , 255 , 1);\r\r\n\t\t\t\t\t}\r\r\n\t\t\t\t\t#gallery-1.fastgallery.fotorama.fg_style9 .fotorama__thumb-border {\r\r\n\t\t\t\t\t\tborder-color:rgba( 255 , 255 , 255 , 1);\r\r\n\t\t\t\t\t\tbackground:rgba( 255 , 255 , 255 , 1);\r\r\n\t\t\t\t\t}\t\t\t\t\t\t\r\r\n\t\t\t\t\t#gallery-1.fastgallery.fotorama.fg_style9 .fotorama__html > div {\r\r\n\t\t\t\t\t\tcolor:#000000;\r\r\n\t\t\t\t\t\tbackground:rgba( 255 , 255 , 255 , 1);\r\r\n\t\t\t\t\t}\r\r\n\t\t\t\t\t#gallery-1.fastgallery.fotorama.fg_style10 .fotorama__thumb-border {\r\r\n\t\t\t\t\t\tborder-color:rgba( 255 , 255 , 255 , 1);\r\r\n\t\t\t\t\t\tbackground:rgba( 255 , 255 , 255 , 1);\r\r\n\t\t\t\t\t}\t\t\t\t\t\t\r\r\n\t\t\t\t\t#gallery-1.fastgallery.fotorama.fg_style10 .fotorama__html > div {\r\r\n\t\t\t\t\t\tcolor:#000000;\r\r\n\t\t\t\t\t\tbackground:rgba( 255 , 255 , 255 , 1);\r\r\n\t\t\t\t\t}\r\r\n\t\t\t\t\t#gallery-1.fastgallery.fotorama.fg_style11 .fotorama__thumb-border {\r\r\n\t\t\t\t\t\tborder-color:rgba( 255 , 255 , 255 , 1);\r\r\n\t\t\t\t\t}\r\r\n\t\t\t\t\t#gallery-1.fastgallery.fotorama.fg_style11 .fotorama__html > div {\r\r\n\t\t\t\t\t\tbackground:rgba( 255 , 255 , 255 , 1);\r\r\n\t\t\t\t\t\tcolor:#000000;\r\r\n\t\t\t\t\t}\r\r\n\t\t\t\t\t#gallery-1.fastgallery.fotorama.fg_style12 .fotorama__thumb-border {\r\r\n\t\t\t\t\t\tborder-color:rgba( 255 , 255 , 255 , 1);\r\r\n\t\t\t\t\t}\r\r\n\t\t\t\t\t#gallery-1.fastgallery.fotorama.fg_style12 .fotorama__html > div {\r\r\n\t\t\t\t\t\tbackground:rgba( 255 , 255 , 255 , 1);\r\r\n\t\t\t\t\t\tcolor:#000000;\r\r\n\t\t\t\t\t}\t\t\t\t\t\t\t\t\t\t\r\r\n\t\t\t\t\t\/* THUMBS ONE ON *\/\r\r\n\t\t\t\t\t#gallery-1.fastgallery.fg_thumbs_one .fg-gallery-item {\r\r\n\t\t\t\t\t\tdisplay:none;\r\r\n\t\t\t\t\t}\r\r\n\t\t\t\t\t#gallery-1.fastgallery.fg_thumbs_one .fg-gallery-item:first-child {\r\r\n\t\t\t\t\t\tdisplay:block;\r\r\n\t\t\t\t\t}\r\r\n\t\t\t\t\t#gallery-1.fastgallery.fg_thumbs_one {\r\r\n\t\t\t\t\t\twidth:auto!important;\r\r\n\t\t\t\t\t}\r\r\n\t\t\t\t\r\r\n\t\t\t\t\t\t.fastgallery.gallery {\r\r\n\t\t\t\t\t\t\twidth:100%;\r\r\n\t\t\t\t\t\t\twidth: -webkit-calc(100% + 20px);\r\r\n\t\t\t\t\t\t\twidth: calc(100% + 20px);\r\r\n\t\t\t\t\t\t\t\/*margin-left:20px;*\/\r\r\n\t\t\t\t\t\t}\r\r\n\t\t\t\t\t\t.fastgallery .fg-gallery-item {\r\r\n\t\t\t\t\t\t\tmargin-right:20px!important;\r\r\n\t\t\t\t\t\t\tmargin-bottom:20px!important;\r\r\n\t\t\t\t\t\t}\r\r\n\t\t\t\t\t\t.fastgallery.gallery-columns-2 .fg-gallery-item {\r\r\n\t\t\t\t\t\t\tmax-width: 48%;\r\r\n\t\t\t\t\t\t\tmax-width: -webkit-calc(50% - 20px);\r\r\n\t\t\t\t\t\t\tmax-width:         calc(50% - 20px);\r\r\n\t\t\t\t\t\t}\r\r\n\t\t\t\t\t\t\r\r\n\t\t\t\t\t\t.fastgallery.gallery-columns-3 .fg-gallery-item {\r\r\n\t\t\t\t\t\t\tmax-width: 32%;\r\r\n\t\t\t\t\t\t\tmax-width: -webkit-calc(33.3% - 20px);\r\r\n\t\t\t\t\t\t\tmax-width:         calc(33.3% - 20px);\r\r\n\t\t\t\t\t\t}\r\r\n\t\t\t\t\t\t\r\r\n\t\t\t\t\t\t.fastgallery.gallery-columns-4 .fg-gallery-item {\r\r\n\t\t\t\t\t\t\tmax-width: 23%;\r\r\n\t\t\t\t\t\t\tmax-width: -webkit-calc(25% - 20px);\r\r\n\t\t\t\t\t\t\tmax-width:         calc(25% - 20px);\r\r\n\t\t\t\t\t\t}\r\r\n\t\t\t\t\t\t\r\r\n\t\t\t\t\t\t.fastgallery.gallery-columns-5 .fg-gallery-item {\r\r\n\t\t\t\t\t\t\tmax-width: 19%;\r\r\n\t\t\t\t\t\t\tmax-width: -webkit-calc(20% - 20px);\r\r\n\t\t\t\t\t\t\tmax-width:         calc(20% - 20px);\r\r\n\t\t\t\t\t\t}\r\r\n\t\t\t\t\t\t\r\r\n\t\t\t\t\t\t.fastgallery.gallery-columns-6 .fg-gallery-item {\r\r\n\t\t\t\t\t\t\tmax-width: 15%;\r\r\n\t\t\t\t\t\t\tmax-width: -webkit-calc(16.7% - 20px);\r\r\n\t\t\t\t\t\t\tmax-width:         calc(16.7% - 20px);\r\r\n\t\t\t\t\t\t}\r\r\n\t\t\t\t\t\t\r\r\n\t\t\t\t\t\t.fastgallery.gallery-columns-7 .fg-gallery-item {\r\r\n\t\t\t\t\t\t\tmax-width: 13%;\r\r\n\t\t\t\t\t\t\tmax-width: -webkit-calc(14.28% - 20px);\r\r\n\t\t\t\t\t\t\tmax-width:         calc(14.28% - 20px);\r\r\n\t\t\t\t\t\t}\r\r\n\t\t\t\t\t\t\r\r\n\t\t\t\t\t\t.fastgallery.gallery-columns-8 .fg-gallery-item {\r\r\n\t\t\t\t\t\t\tmax-width: 11%;\r\r\n\t\t\t\t\t\t\tmax-width: -webkit-calc(12.5% - 20px);\r\r\n\t\t\t\t\t\t\tmax-width:         calc(12.5% - 20px);\r\r\n\t\t\t\t\t\t}\r\r\n\t\t\t\t\t\t\r\r\n\t\t\t\t\t\t.fastgallery.gallery-columns-9 .fg-gallery-item {\r\r\n\t\t\t\t\t\t\tmax-width: 9%;\r\r\n\t\t\t\t\t\t\tmax-width: -webkit-calc(11.1% - 20px);\r\r\n\t\t\t\t\t\t\tmax-width:         calc(11.1% - 20px);\r\r\n\t\t\t\t\t\t}\r\r\n\t\t\t\t\t#gallery-1.fastgallery .icon-plus:before {\t\r\r\n\t\t\t\t\t\t\t\t\t\tcontent: \"\\e6ef\"!important;\r\r\n\t\t\t\t\t}<\/style><script type=\"text\/javascript\">\r\r\n\t\t\t\t\t\tjQuery(function($){\r\r\n\t\t\t\t\t\t\t$('#gallery-1 .fg_magnificPopup').magnificPopup({\r\r\n\t\t\t\t\t\t\t\ttype: 'image',\t\t\t\t\t\r\r\n\t\t\t\t\t\t\t\tgallery:{\r\r\n\t\t\t\t\t\t\t\t\tenabled:true\r\r\n\t\t\t\t\t\t\t\t}\r\r\n\t\t\t\t\t\t\t\t});\r\r\n\t\t\t\t\t\t});\t\t\r\r\n\t\t\t\t\t<\/script><div id='gallery-1' class='gallery galleryid-1 gallery-columns-3 gallery-size-fg-normal fastgallery brick-masonry fg_responsive fg_style2 off  fg_over_image_on'><div class='fg-gallery-item  '>\r\r\n\t\t\t\t\t<div class='fastgallery-gallery-icon '><div class='fg_zoom'><img decoding=\"async\" width=\"800\" height=\"592\" src=\"https:\/\/www.ju.eu\/wp-content\/uploads\/2017\/05\/Uni-Tuebingen-2-800x592.jpg\" class=\"attachment-fg-normal size-fg-normal\" alt=\"\" \/><a href='https:\/\/www.ju.eu\/wp-content\/uploads\/2017\/05\/Uni-Tuebingen-2.jpg' title=\"[:de]Universit\u00e4t von T\u00fcbingen[:en]University of T\u00fcbingen\" data-rel-fg='prettyPhoto[album-1]' class='fg_magnificPopup'><span class='fg-zoom-icon icon-plus'><\/span><span style='display:none'><img decoding=\"async\" width=\"800\" height=\"592\" src=\"https:\/\/www.ju.eu\/wp-content\/uploads\/2017\/05\/Uni-Tuebingen-2-800x592.jpg\" class=\"attachment-fg-normal size-fg-normal\" alt=\"\" \/><\/span><\/a><\/div>\r\r\n\t\t\t\t\t\t<div class='fg-wp-caption-text fg-gallery-caption'><div class='caption-container'>\r\r\n\t\t\t\t\t\t[:de]Universit\u00e4t von T\u00fcbingen[:en]University of T\u00fcbingen\r\r\n\t\t\t\t\t\t<\/div><\/div><\/div><\/div><div class='fg-gallery-item  '>\r\r\n\t\t\t\t\t<div class='fastgallery-gallery-icon '><div class='fg_zoom'><img decoding=\"async\" width=\"800\" height=\"592\" src=\"https:\/\/www.ju.eu\/wp-content\/uploads\/2017\/05\/Wertfachanlage-2-800x592.jpg\" class=\"attachment-fg-normal size-fg-normal\" alt=\"\" \/><a href='https:\/\/www.ju.eu\/wp-content\/uploads\/2017\/05\/Wertfachanlage-2.jpg' title=\"[:de]Wertfachanlage[:en]Deposit Box\" data-rel-fg='prettyPhoto[album-1]' class='fg_magnificPopup'><span class='fg-zoom-icon icon-plus'><\/span><span style='display:none'><img decoding=\"async\" width=\"800\" height=\"592\" src=\"https:\/\/www.ju.eu\/wp-content\/uploads\/2017\/05\/Wertfachanlage-2-800x592.jpg\" class=\"attachment-fg-normal size-fg-normal\" alt=\"\" \/><\/span><\/a><\/div>\r\r\n\t\t\t\t\t\t<div class='fg-wp-caption-text fg-gallery-caption'><div class='caption-container'>\r\r\n\t\t\t\t\t\t[:de]Wertfachanlage[:en]Deposit Box\r\r\n\t\t\t\t\t\t<\/div><\/div><\/div><\/div><div class='fg-gallery-item  '>\r\r\n\t\t\t\t\t<div class='fastgallery-gallery-icon '><div class='fg_zoom'><img decoding=\"async\" width=\"800\" height=\"592\" src=\"https:\/\/www.ju.eu\/wp-content\/uploads\/2017\/05\/Bundesgerichtshof-2-800x592.jpg\" class=\"attachment-fg-normal size-fg-normal\" alt=\"\" \/><a href='https:\/\/www.ju.eu\/wp-content\/uploads\/2017\/05\/Bundesgerichtshof-2.jpg' title=\"[:de]Bundesgerichtshof[:en]German Federal Supreme Court of Justice\" data-rel-fg='prettyPhoto[album-1]' class='fg_magnificPopup'><span class='fg-zoom-icon icon-plus'><\/span><span style='display:none'><img decoding=\"async\" width=\"800\" height=\"592\" src=\"https:\/\/www.ju.eu\/wp-content\/uploads\/2017\/05\/Bundesgerichtshof-2-800x592.jpg\" class=\"attachment-fg-normal size-fg-normal\" alt=\"\" \/><\/span><\/a><\/div>\r\r\n\t\t\t\t\t\t<div class='fg-wp-caption-text fg-gallery-caption'><div class='caption-container'>\r\r\n\t\t\t\t\t\t[:de]Bundesgerichtshof[:en]German Federal Supreme Court of Justice\r\r\n\t\t\t\t\t\t<\/div><\/div><\/div><\/div><div class='fg-gallery-item  '>\r\r\n\t\t\t\t\t<div class='fastgallery-gallery-icon '><div class='fg_zoom'><img decoding=\"async\" width=\"800\" height=\"747\" src=\"https:\/\/www.ju.eu\/wp-content\/uploads\/2017\/05\/geliefert-800x747.jpg\" class=\"attachment-fg-normal size-fg-normal\" alt=\"\" \/><a href='https:\/\/www.ju.eu\/wp-content\/uploads\/2017\/05\/geliefert-1024x576.jpg' title=\"[:de]Studentisches Wohnen in Berlin - vorher[:en]Student living in Berlin - before\" data-rel-fg='prettyPhoto[album-1]' class='fg_magnificPopup'><span class='fg-zoom-icon icon-plus'><\/span><span style='display:none'><img decoding=\"async\" width=\"800\" height=\"747\" src=\"https:\/\/www.ju.eu\/wp-content\/uploads\/2017\/05\/geliefert-800x747.jpg\" class=\"attachment-fg-normal size-fg-normal\" alt=\"\" \/><\/span><\/a><\/div>\r\r\n\t\t\t\t\t\t<div class='fg-wp-caption-text fg-gallery-caption'><div class='caption-container'>\r\r\n\t\t\t\t\t\t[:de]Studentisches Wohnen in Berlin - vorher[:en]Student living in Berlin - before\r\r\n\t\t\t\t\t\t<\/div><\/div><\/div><\/div><div class='fg-gallery-item  '>\r\r\n\t\t\t\t\t<div class='fastgallery-gallery-icon '><div class='fg_zoom'><img decoding=\"async\" width=\"800\" height=\"747\" src=\"https:\/\/www.ju.eu\/wp-content\/uploads\/2017\/05\/bearbeitet-800x747.jpg\" class=\"attachment-fg-normal size-fg-normal\" alt=\"\" \/><a href='https:\/\/www.ju.eu\/wp-content\/uploads\/2017\/05\/bearbeitet-1024x576.jpg' title=\"[:de]Studentisches Wohnen in Berlin - nachher[:en]Student living in Berlin - afterwards\" data-rel-fg='prettyPhoto[album-1]' class='fg_magnificPopup'><span class='fg-zoom-icon icon-plus'><\/span><span style='display:none'><img decoding=\"async\" width=\"800\" height=\"747\" src=\"https:\/\/www.ju.eu\/wp-content\/uploads\/2017\/05\/bearbeitet-800x747.jpg\" class=\"attachment-fg-normal size-fg-normal\" alt=\"\" \/><\/span><\/a><\/div>\r\r\n\t\t\t\t\t\t<div class='fg-wp-caption-text fg-gallery-caption'><div class='caption-container'>\r\r\n\t\t\t\t\t\t[:de]Studentisches Wohnen in Berlin - nachher[:en]Student living in Berlin - afterwards\r\r\n\t\t\t\t\t\t<\/div><\/div><\/div><\/div>\r\r\n\t\t\t\t\t<\/div>\n<div class=\"fg_clear\"><\/div>[vc_empty_space][\/vc_column][vc_column width=&#8221;1\/6&#8243;][\/vc_column][\/vc_row]<\/p>\n<\/div>","protected":false},"excerpt":{"rendered":"<p>[vc_row][vc_column][vc_single_image image=&#8221;4347&#8243; img_size=&#8221;full&#8221;][\/vc_column][\/vc_row][vc_row][vc_column width=&#8221;1\/6&#8243;][\/vc_column][vc_column width=&#8221;2\/3&#8243;][vc_custom_heading text=&#8221;References&#8221; use_theme_fonts=&#8221;yes&#8221;][vc_empty_space][vc_empty_space][\/vc_column][vc_column width=&#8221;1\/6&#8243;][\/vc_column][\/vc_row]&hellip; <a class=\"read-more\" href=\"https:\/\/www.ju.eu\/en\/company\/references\/\">Read More<\/a><\/p>\n","protected":false},"author":1,"featured_media":0,"parent":3049,"menu_order":0,"comment_status":"closed","ping_status":"closed","template":"page-fullwidth.php","meta":{"_acf_changed":false,"rs_blank_template":"","rs_page_bg_color":"","slide_template_v7":"","footnotes":""},"class_list":["post-3071","page","type-page","status-publish","hentry"],"acf":[],"yoast_head":"<!-- This site is optimized with the Yoast SEO plugin v27.4 - https:\/\/yoast.com\/product\/yoast-seo-wordpress\/ -->\n<title>References - JU-Metallwarenfabrik GmbH<\/title>\n<meta name=\"robots\" content=\"index, follow, max-snippet:-1, max-image-preview:large, max-video-preview:-1\" \/>\n<link rel=\"canonical\" href=\"https:\/\/www.ju.eu\/en\/company\/references\/\" \/>\n<meta property=\"og:locale\" content=\"en_US\" \/>\n<meta property=\"og:type\" content=\"article\" \/>\n<meta property=\"og:title\" content=\"References - JU-Metallwarenfabrik GmbH\" \/>\n<meta property=\"og:description\" content=\"[vc_row][vc_column][vc_single_image image=&#8221;4347&#8243; img_size=&#8221;full&#8221;][\/vc_column][\/vc_row][vc_row][vc_column width=&#8221;1\/6&#8243;][\/vc_column][vc_column width=&#8221;2\/3&#8243;][vc_custom_heading text=&#8221;References&#8221; use_theme_fonts=&#8221;yes&#8221;][vc_empty_space][vc_empty_space][\/vc_column][vc_column width=&#8221;1\/6&#8243;][\/vc_column][\/vc_row]&hellip; Read More\" \/>\n<meta property=\"og:url\" content=\"https:\/\/www.ju.eu\/en\/company\/references\/\" \/>\n<meta property=\"og:site_name\" content=\"JU-Metallwarenfabrik GmbH\" \/>\n<meta property=\"article:modified_time\" content=\"2020-10-06T07:30:59+00:00\" \/>\n<meta name=\"twitter:card\" content=\"summary_large_image\" \/>\n<script type=\"application\/ld+json\" class=\"yoast-schema-graph\">{\"@context\":\"https:\\\/\\\/schema.org\",\"@graph\":[{\"@type\":\"WebPage\",\"@id\":\"https:\\\/\\\/www.ju.eu\\\/en\\\/company\\\/references\\\/\",\"url\":\"https:\\\/\\\/www.ju.eu\\\/en\\\/company\\\/references\\\/\",\"name\":\"References - JU-Metallwarenfabrik GmbH\",\"isPartOf\":{\"@id\":\"https:\\\/\\\/www.ju.eu\\\/#website\"},\"datePublished\":\"2017-05-09T14:04:22+00:00\",\"dateModified\":\"2020-10-06T07:30:59+00:00\",\"breadcrumb\":{\"@id\":\"https:\\\/\\\/www.ju.eu\\\/en\\\/company\\\/references\\\/#breadcrumb\"},\"inLanguage\":\"en-US\",\"potentialAction\":[{\"@type\":\"ReadAction\",\"target\":[\"https:\\\/\\\/www.ju.eu\\\/en\\\/company\\\/references\\\/\"]}]},{\"@type\":\"BreadcrumbList\",\"@id\":\"https:\\\/\\\/www.ju.eu\\\/en\\\/company\\\/references\\\/#breadcrumb\",\"itemListElement\":[{\"@type\":\"ListItem\",\"position\":1,\"name\":\"Startseite\",\"item\":\"https:\\\/\\\/www.ju.eu\\\/en\\\/\"},{\"@type\":\"ListItem\",\"position\":2,\"name\":\"Company\",\"item\":\"https:\\\/\\\/www.ju.eu\\\/en\\\/company\\\/\"},{\"@type\":\"ListItem\",\"position\":3,\"name\":\"References\"}]},{\"@type\":\"WebSite\",\"@id\":\"https:\\\/\\\/www.ju.eu\\\/#website\",\"url\":\"https:\\\/\\\/www.ju.eu\\\/\",\"name\":\"JU-Metallwarenfabrik GmbH\",\"description\":\"Briefkasten und Briefkastenanlagen, Qualit\u00e4t made in Germany\",\"potentialAction\":[{\"@type\":\"SearchAction\",\"target\":{\"@type\":\"EntryPoint\",\"urlTemplate\":\"https:\\\/\\\/www.ju.eu\\\/?s={search_term_string}\"},\"query-input\":{\"@type\":\"PropertyValueSpecification\",\"valueRequired\":true,\"valueName\":\"search_term_string\"}}],\"inLanguage\":\"en-US\"}]}<\/script>\n<!-- \/ Yoast SEO plugin. -->","yoast_head_json":{"title":"References - JU-Metallwarenfabrik GmbH","robots":{"index":"index","follow":"follow","max-snippet":"max-snippet:-1","max-image-preview":"max-image-preview:large","max-video-preview":"max-video-preview:-1"},"canonical":"https:\/\/www.ju.eu\/en\/company\/references\/","og_locale":"en_US","og_type":"article","og_title":"References - JU-Metallwarenfabrik GmbH","og_description":"[vc_row][vc_column][vc_single_image image=&#8221;4347&#8243; img_size=&#8221;full&#8221;][\/vc_column][\/vc_row][vc_row][vc_column width=&#8221;1\/6&#8243;][\/vc_column][vc_column width=&#8221;2\/3&#8243;][vc_custom_heading text=&#8221;References&#8221; use_theme_fonts=&#8221;yes&#8221;][vc_empty_space][vc_empty_space][\/vc_column][vc_column width=&#8221;1\/6&#8243;][\/vc_column][\/vc_row]&hellip; Read More","og_url":"https:\/\/www.ju.eu\/en\/company\/references\/","og_site_name":"JU-Metallwarenfabrik GmbH","article_modified_time":"2020-10-06T07:30:59+00:00","twitter_card":"summary_large_image","schema":{"@context":"https:\/\/schema.org","@graph":[{"@type":"WebPage","@id":"https:\/\/www.ju.eu\/en\/company\/references\/","url":"https:\/\/www.ju.eu\/en\/company\/references\/","name":"References - JU-Metallwarenfabrik GmbH","isPartOf":{"@id":"https:\/\/www.ju.eu\/#website"},"datePublished":"2017-05-09T14:04:22+00:00","dateModified":"2020-10-06T07:30:59+00:00","breadcrumb":{"@id":"https:\/\/www.ju.eu\/en\/company\/references\/#breadcrumb"},"inLanguage":"en-US","potentialAction":[{"@type":"ReadAction","target":["https:\/\/www.ju.eu\/en\/company\/references\/"]}]},{"@type":"BreadcrumbList","@id":"https:\/\/www.ju.eu\/en\/company\/references\/#breadcrumb","itemListElement":[{"@type":"ListItem","position":1,"name":"Startseite","item":"https:\/\/www.ju.eu\/en\/"},{"@type":"ListItem","position":2,"name":"Company","item":"https:\/\/www.ju.eu\/en\/company\/"},{"@type":"ListItem","position":3,"name":"References"}]},{"@type":"WebSite","@id":"https:\/\/www.ju.eu\/#website","url":"https:\/\/www.ju.eu\/","name":"JU-Metallwarenfabrik GmbH","description":"Briefkasten und Briefkastenanlagen, Qualit\u00e4t made in Germany","potentialAction":[{"@type":"SearchAction","target":{"@type":"EntryPoint","urlTemplate":"https:\/\/www.ju.eu\/?s={search_term_string}"},"query-input":{"@type":"PropertyValueSpecification","valueRequired":true,"valueName":"search_term_string"}}],"inLanguage":"en-US"}]}},"_links":{"self":[{"href":"https:\/\/www.ju.eu\/en\/wp-json\/wp\/v2\/pages\/3071","targetHints":{"allow":["GET"]}}],"collection":[{"href":"https:\/\/www.ju.eu\/en\/wp-json\/wp\/v2\/pages"}],"about":[{"href":"https:\/\/www.ju.eu\/en\/wp-json\/wp\/v2\/types\/page"}],"author":[{"embeddable":true,"href":"https:\/\/www.ju.eu\/en\/wp-json\/wp\/v2\/users\/1"}],"replies":[{"embeddable":true,"href":"https:\/\/www.ju.eu\/en\/wp-json\/wp\/v2\/comments?post=3071"}],"version-history":[{"count":6,"href":"https:\/\/www.ju.eu\/en\/wp-json\/wp\/v2\/pages\/3071\/revisions"}],"predecessor-version":[{"id":4350,"href":"https:\/\/www.ju.eu\/en\/wp-json\/wp\/v2\/pages\/3071\/revisions\/4350"}],"up":[{"embeddable":true,"href":"https:\/\/www.ju.eu\/en\/wp-json\/wp\/v2\/pages\/3049"}],"wp:attachment":[{"href":"https:\/\/www.ju.eu\/en\/wp-json\/wp\/v2\/media?parent=3071"}],"curies":[{"name":"wp","href":"https:\/\/api.w.org\/{rel}","templated":true}]}}