{"id":4403,"date":"2020-10-16T03:31:57","date_gmt":"2020-10-16T03:31:57","guid":{"rendered":"https:\/\/www.ju.eu\/?post_type=product&#038;p=4403"},"modified":"2025-01-16T10:55:13","modified_gmt":"2025-01-16T09:55:13","slug":"kombitaster-weiss-diebstahlgesichert","status":"publish","type":"product","link":"https:\/\/www.ju.eu\/en\/produkt\/kombitaster-weiss-diebstahlgesichert\/","title":{"rendered":"Art.Nr. 21-105 Kombitaster, wei\u00df, diebstahlgesichert"},"content":{"rendered":"","protected":false},"excerpt":{"rendered":"<p><strong>Ma\u00dfe:<\/strong> Breite 75 mm; H\u00f6he 21 mm<br \/>\n<strong>Stanzma\u00dfe:<\/strong> Breite 71 mm; H\u00f6he 18 mm<br \/>\n<strong>Schriftfl\u00e4che:<\/strong> Breite 44 mm; H\u00f6he 12 mm<\/p>\n<p>&nbsp;<\/p>\n<p>Geh\u00e4use aus massivem Metall<br \/>\n(mit Namensschildwechselschl\u00fcssel)<br \/>\nEloxalfarbt\u00f6ne 1, 2, 3, C34 m\u00f6glich, ohne Beleuchtung&hellip; <a class=\"read-more\" href=\"https:\/\/www.ju.eu\/en\/produkt\/kombitaster-weiss-diebstahlgesichert\/\">Read More<\/a><\/p>\n","protected":false},"featured_media":4642,"template":"","meta":{"_acf_changed":false},"product_brand":[],"product_cat":[31,75],"product_tag":[],"class_list":{"0":"post-4403","1":"product","2":"type-product","3":"status-publish","4":"has-post-thumbnail","6":"product_cat-ersatzteile","7":"product_cat-klingeltaster","8":"pa_ersatzteile-klingeltaster","10":"first","11":"instock","12":"taxable","13":"shipping-taxable","14":"purchasable","15":"product-type-simple"},"exclude_global_add_ons":[],"addons":[],"acf":[],"yoast_head":"<!-- This site is optimized with the Yoast SEO plugin v27.0 - https:\/\/yoast.com\/product\/yoast-seo-wordpress\/ -->\n<title>Art.Nr. 21-105 Kombitaster, wei\u00df, diebstahlgesichert - JU-Metallwarenfabrik GmbH<\/title>\n<meta name=\"robots\" content=\"index, follow, max-snippet:-1, max-image-preview:large, max-video-preview:-1\" \/>\n<link rel=\"canonical\" href=\"https:\/\/www.ju.eu\/produkt\/kombitaster-weiss-diebstahlgesichert\/\" \/>\n<meta property=\"og:locale\" content=\"en_US\" \/>\n<meta property=\"og:type\" content=\"article\" \/>\n<meta property=\"og:title\" content=\"Art.Nr. 21-105 Kombitaster, wei\u00df, diebstahlgesichert - JU-Metallwarenfabrik GmbH\" \/>\n<meta property=\"og:description\" content=\"Ma\u00dfe: Breite 75 mm; H\u00f6he 21 mm Stanzma\u00dfe: Breite 71 mm; H\u00f6he 18 mm Schriftfl\u00e4che: Breite 44 mm; H\u00f6he 12 mm  &nbsp;  Geh\u00e4use aus massivem Metall (mit Namensschildwechselschl\u00fcssel) Eloxalfarbt\u00f6ne 1, 2, 3, C34 m\u00f6glich, ohne Beleuchtung&hellip; Read More\" \/>\n<meta property=\"og:url\" content=\"https:\/\/www.ju.eu\/produkt\/kombitaster-weiss-diebstahlgesichert\/\" \/>\n<meta property=\"og:site_name\" content=\"JU-Metallwarenfabrik GmbH\" \/>\n<meta property=\"article:modified_time\" content=\"2025-01-16T09:55:13+00:00\" \/>\n<meta property=\"og:image\" content=\"https:\/\/www.ju.eu\/wp-content\/uploads\/2020\/10\/JU_21-105_Web.png\" \/>\n\t<meta property=\"og:image:width\" content=\"1000\" \/>\n\t<meta property=\"og:image:height\" content=\"1000\" \/>\n\t<meta property=\"og:image:type\" content=\"image\/png\" \/>\n<meta name=\"twitter:card\" content=\"summary_large_image\" \/>\n<script type=\"application\/ld+json\" class=\"yoast-schema-graph\">{\"@context\":\"https:\/\/schema.org\",\"@graph\":[{\"@type\":\"WebPage\",\"@id\":\"https:\/\/www.ju.eu\/produkt\/kombitaster-weiss-diebstahlgesichert\/\",\"url\":\"https:\/\/www.ju.eu\/produkt\/kombitaster-weiss-diebstahlgesichert\/\",\"name\":\"Art.Nr. 21-105 Kombitaster, wei\u00df, diebstahlgesichert - JU-Metallwarenfabrik GmbH\",\"isPartOf\":{\"@id\":\"https:\/\/www.ju.eu\/#website\"},\"primaryImageOfPage\":{\"@id\":\"https:\/\/www.ju.eu\/produkt\/kombitaster-weiss-diebstahlgesichert\/#primaryimage\"},\"image\":{\"@id\":\"https:\/\/www.ju.eu\/produkt\/kombitaster-weiss-diebstahlgesichert\/#primaryimage\"},\"thumbnailUrl\":\"https:\/\/www.ju.eu\/wp-content\/uploads\/2020\/10\/JU_21-105_Web.png\",\"datePublished\":\"2020-10-16T03:31:57+00:00\",\"dateModified\":\"2025-01-16T09:55:13+00:00\",\"breadcrumb\":{\"@id\":\"https:\/\/www.ju.eu\/produkt\/kombitaster-weiss-diebstahlgesichert\/#breadcrumb\"},\"inLanguage\":\"en-US\",\"potentialAction\":[{\"@type\":\"ReadAction\",\"target\":[\"https:\/\/www.ju.eu\/produkt\/kombitaster-weiss-diebstahlgesichert\/\"]}]},{\"@type\":\"ImageObject\",\"inLanguage\":\"en-US\",\"@id\":\"https:\/\/www.ju.eu\/produkt\/kombitaster-weiss-diebstahlgesichert\/#primaryimage\",\"url\":\"https:\/\/www.ju.eu\/wp-content\/uploads\/2020\/10\/JU_21-105_Web.png\",\"contentUrl\":\"https:\/\/www.ju.eu\/wp-content\/uploads\/2020\/10\/JU_21-105_Web.png\",\"width\":1000,\"height\":1000},{\"@type\":\"BreadcrumbList\",\"@id\":\"https:\/\/www.ju.eu\/produkt\/kombitaster-weiss-diebstahlgesichert\/#breadcrumb\",\"itemListElement\":[{\"@type\":\"ListItem\",\"position\":1,\"name\":\"Startseite\",\"item\":\"https:\/\/www.ju.eu\/en\/\"},{\"@type\":\"ListItem\",\"position\":2,\"name\":\"Shop\",\"item\":\"https:\/\/www.ju.eu\/en\/shop\/\"},{\"@type\":\"ListItem\",\"position\":3,\"name\":\"Art.Nr. 21-105 Kombitaster, wei\u00df, diebstahlgesichert\"}]},{\"@type\":\"WebSite\",\"@id\":\"https:\/\/www.ju.eu\/#website\",\"url\":\"https:\/\/www.ju.eu\/\",\"name\":\"JU-Metallwarenfabrik GmbH\",\"description\":\"Briefkasten und Briefkastenanlagen, Qualit\u00e4t made in Germany\",\"potentialAction\":[{\"@type\":\"SearchAction\",\"target\":{\"@type\":\"EntryPoint\",\"urlTemplate\":\"https:\/\/www.ju.eu\/?s={search_term_string}\"},\"query-input\":{\"@type\":\"PropertyValueSpecification\",\"valueRequired\":true,\"valueName\":\"search_term_string\"}}],\"inLanguage\":\"en-US\"}]}<\/script>\n<!-- \/ Yoast SEO plugin. -->","yoast_head_json":{"title":"Art.Nr. 21-105 Kombitaster, wei\u00df, diebstahlgesichert - JU-Metallwarenfabrik GmbH","robots":{"index":"index","follow":"follow","max-snippet":"max-snippet:-1","max-image-preview":"max-image-preview:large","max-video-preview":"max-video-preview:-1"},"canonical":"https:\/\/www.ju.eu\/produkt\/kombitaster-weiss-diebstahlgesichert\/","og_locale":"en_US","og_type":"article","og_title":"Art.Nr. 21-105 Kombitaster, wei\u00df, diebstahlgesichert - JU-Metallwarenfabrik GmbH","og_description":"Ma\u00dfe: Breite 75 mm; H\u00f6he 21 mm Stanzma\u00dfe: Breite 71 mm; H\u00f6he 18 mm Schriftfl\u00e4che: Breite 44 mm; H\u00f6he 12 mm  &nbsp;  Geh\u00e4use aus massivem Metall (mit Namensschildwechselschl\u00fcssel) Eloxalfarbt\u00f6ne 1, 2, 3, C34 m\u00f6glich, ohne Beleuchtung&hellip; Read More","og_url":"https:\/\/www.ju.eu\/produkt\/kombitaster-weiss-diebstahlgesichert\/","og_site_name":"JU-Metallwarenfabrik GmbH","article_modified_time":"2025-01-16T09:55:13+00:00","og_image":[{"width":1000,"height":1000,"url":"https:\/\/www.ju.eu\/wp-content\/uploads\/2020\/10\/JU_21-105_Web.png","type":"image\/png"}],"twitter_card":"summary_large_image","schema":{"@context":"https:\/\/schema.org","@graph":[{"@type":"WebPage","@id":"https:\/\/www.ju.eu\/produkt\/kombitaster-weiss-diebstahlgesichert\/","url":"https:\/\/www.ju.eu\/produkt\/kombitaster-weiss-diebstahlgesichert\/","name":"Art.Nr. 21-105 Kombitaster, wei\u00df, diebstahlgesichert - JU-Metallwarenfabrik GmbH","isPartOf":{"@id":"https:\/\/www.ju.eu\/#website"},"primaryImageOfPage":{"@id":"https:\/\/www.ju.eu\/produkt\/kombitaster-weiss-diebstahlgesichert\/#primaryimage"},"image":{"@id":"https:\/\/www.ju.eu\/produkt\/kombitaster-weiss-diebstahlgesichert\/#primaryimage"},"thumbnailUrl":"https:\/\/www.ju.eu\/wp-content\/uploads\/2020\/10\/JU_21-105_Web.png","datePublished":"2020-10-16T03:31:57+00:00","dateModified":"2025-01-16T09:55:13+00:00","breadcrumb":{"@id":"https:\/\/www.ju.eu\/produkt\/kombitaster-weiss-diebstahlgesichert\/#breadcrumb"},"inLanguage":"en-US","potentialAction":[{"@type":"ReadAction","target":["https:\/\/www.ju.eu\/produkt\/kombitaster-weiss-diebstahlgesichert\/"]}]},{"@type":"ImageObject","inLanguage":"en-US","@id":"https:\/\/www.ju.eu\/produkt\/kombitaster-weiss-diebstahlgesichert\/#primaryimage","url":"https:\/\/www.ju.eu\/wp-content\/uploads\/2020\/10\/JU_21-105_Web.png","contentUrl":"https:\/\/www.ju.eu\/wp-content\/uploads\/2020\/10\/JU_21-105_Web.png","width":1000,"height":1000},{"@type":"BreadcrumbList","@id":"https:\/\/www.ju.eu\/produkt\/kombitaster-weiss-diebstahlgesichert\/#breadcrumb","itemListElement":[{"@type":"ListItem","position":1,"name":"Startseite","item":"https:\/\/www.ju.eu\/en\/"},{"@type":"ListItem","position":2,"name":"Shop","item":"https:\/\/www.ju.eu\/en\/shop\/"},{"@type":"ListItem","position":3,"name":"Art.Nr. 21-105 Kombitaster, wei\u00df, diebstahlgesichert"}]},{"@type":"WebSite","@id":"https:\/\/www.ju.eu\/#website","url":"https:\/\/www.ju.eu\/","name":"JU-Metallwarenfabrik GmbH","description":"Briefkasten und Briefkastenanlagen, Qualit\u00e4t made in Germany","potentialAction":[{"@type":"SearchAction","target":{"@type":"EntryPoint","urlTemplate":"https:\/\/www.ju.eu\/?s={search_term_string}"},"query-input":{"@type":"PropertyValueSpecification","valueRequired":true,"valueName":"search_term_string"}}],"inLanguage":"en-US"}]}},"_links":{"self":[{"href":"https:\/\/www.ju.eu\/en\/wp-json\/wp\/v2\/product\/4403","targetHints":{"allow":["GET"]}}],"collection":[{"href":"https:\/\/www.ju.eu\/en\/wp-json\/wp\/v2\/product"}],"about":[{"href":"https:\/\/www.ju.eu\/en\/wp-json\/wp\/v2\/types\/product"}],"wp:featuredmedia":[{"embeddable":true,"href":"https:\/\/www.ju.eu\/en\/wp-json\/wp\/v2\/media\/4642"}],"wp:attachment":[{"href":"https:\/\/www.ju.eu\/en\/wp-json\/wp\/v2\/media?parent=4403"}],"wp:term":[{"taxonomy":"product_brand","embeddable":true,"href":"https:\/\/www.ju.eu\/en\/wp-json\/wp\/v2\/product_brand?post=4403"},{"taxonomy":"product_cat","embeddable":true,"href":"https:\/\/www.ju.eu\/en\/wp-json\/wp\/v2\/product_cat?post=4403"},{"taxonomy":"product_tag","embeddable":true,"href":"https:\/\/www.ju.eu\/en\/wp-json\/wp\/v2\/product_tag?post=4403"}],"curies":[{"name":"wp","href":"https:\/\/api.w.org\/{rel}","templated":true}]}}