{"id":4408,"date":"2020-10-16T03:39:12","date_gmt":"2020-10-16T03:39:12","guid":{"rendered":"https:\/\/www.ju.eu\/?post_type=product&#038;p=4408"},"modified":"2025-01-16T10:49:38","modified_gmt":"2025-01-16T09:49:38","slug":"ersatzschluessel-2","status":"publish","type":"product","link":"https:\/\/www.ju.eu\/en\/produkt\/ersatzschluessel-2\/","title":{"rendered":"Art.Nr. 21-122 Ersatzschl\u00fcssel"},"content":{"rendered":"<p>f\u00fcr Profil 0 (z.Bsp. Nr. 0 135) und 25 (z.Bsp. Nr. 25 135)<\/p>\n","protected":false},"excerpt":{"rendered":"<p>z. Bsp. f\u00fcr Schlie\u00dfungen mit Profil 0, 25&hellip; <a class=\"read-more\" href=\"https:\/\/www.ju.eu\/en\/produkt\/ersatzschluessel-2\/\">Read More<\/a><\/p>\n","protected":false},"featured_media":4576,"template":"","meta":{"_acf_changed":false},"product_brand":[],"product_cat":[31,82],"product_tag":[],"class_list":{"0":"post-4408","1":"product","2":"type-product","3":"status-publish","4":"has-post-thumbnail","6":"product_cat-ersatzteile","7":"product_cat-zylinderschloss-schluessel","8":"pa_ersatzteile-zylinderschloss-schluessel","10":"first","11":"instock","12":"taxable","13":"shipping-taxable","14":"purchasable","15":"product-type-simple"},"exclude_global_add_ons":false,"addons":[{"name":"Schl\u00fcsselnummer angeben","type":"custom_text","position":0,"required":true,"title_format":"label","default":"","description_enable":false,"description":"","placeholder_enable":false,"placeholder":"","display":"select","restrictions_type":"any_text","adjust_price":false,"price":"","price_type":"flat_fee","restrictions":false,"min":"0","max":"0","options":[]}],"acf":[],"yoast_head":"<!-- This site is optimized with the Yoast SEO plugin v27.0 - https:\/\/yoast.com\/product\/yoast-seo-wordpress\/ -->\n<title>Art.Nr. 21-122 Ersatzschl\u00fcssel - JU-Metallwarenfabrik GmbH<\/title>\n<meta name=\"robots\" content=\"index, follow, max-snippet:-1, max-image-preview:large, max-video-preview:-1\" \/>\n<link rel=\"canonical\" href=\"https:\/\/www.ju.eu\/produkt\/ersatzschluessel-2\/\" \/>\n<meta property=\"og:locale\" content=\"en_US\" \/>\n<meta property=\"og:type\" content=\"article\" \/>\n<meta property=\"og:title\" content=\"Art.Nr. 21-122 Ersatzschl\u00fcssel - JU-Metallwarenfabrik GmbH\" \/>\n<meta property=\"og:description\" content=\"z. Bsp. f\u00fcr Schlie\u00dfungen mit Profil 0, 25&hellip; Read More\" \/>\n<meta property=\"og:url\" content=\"https:\/\/www.ju.eu\/produkt\/ersatzschluessel-2\/\" \/>\n<meta property=\"og:site_name\" content=\"JU-Metallwarenfabrik GmbH\" \/>\n<meta property=\"article:modified_time\" content=\"2025-01-16T09:49:38+00:00\" \/>\n<meta property=\"og:image\" content=\"https:\/\/www.ju.eu\/wp-content\/uploads\/2020\/10\/170-6_b.jpg\" \/>\n\t<meta property=\"og:image:width\" content=\"1000\" \/>\n\t<meta property=\"og:image:height\" content=\"1000\" \/>\n\t<meta property=\"og:image:type\" content=\"image\/jpeg\" \/>\n<meta name=\"twitter:card\" content=\"summary_large_image\" \/>\n<script type=\"application\/ld+json\" class=\"yoast-schema-graph\">{\"@context\":\"https:\/\/schema.org\",\"@graph\":[{\"@type\":\"WebPage\",\"@id\":\"https:\/\/www.ju.eu\/produkt\/ersatzschluessel-2\/\",\"url\":\"https:\/\/www.ju.eu\/produkt\/ersatzschluessel-2\/\",\"name\":\"Art.Nr. 21-122 Ersatzschl\u00fcssel - JU-Metallwarenfabrik GmbH\",\"isPartOf\":{\"@id\":\"https:\/\/www.ju.eu\/#website\"},\"primaryImageOfPage\":{\"@id\":\"https:\/\/www.ju.eu\/produkt\/ersatzschluessel-2\/#primaryimage\"},\"image\":{\"@id\":\"https:\/\/www.ju.eu\/produkt\/ersatzschluessel-2\/#primaryimage\"},\"thumbnailUrl\":\"https:\/\/www.ju.eu\/wp-content\/uploads\/2020\/10\/170-6_b.jpg\",\"datePublished\":\"2020-10-16T03:39:12+00:00\",\"dateModified\":\"2025-01-16T09:49:38+00:00\",\"breadcrumb\":{\"@id\":\"https:\/\/www.ju.eu\/produkt\/ersatzschluessel-2\/#breadcrumb\"},\"inLanguage\":\"en-US\",\"potentialAction\":[{\"@type\":\"ReadAction\",\"target\":[\"https:\/\/www.ju.eu\/produkt\/ersatzschluessel-2\/\"]}]},{\"@type\":\"ImageObject\",\"inLanguage\":\"en-US\",\"@id\":\"https:\/\/www.ju.eu\/produkt\/ersatzschluessel-2\/#primaryimage\",\"url\":\"https:\/\/www.ju.eu\/wp-content\/uploads\/2020\/10\/170-6_b.jpg\",\"contentUrl\":\"https:\/\/www.ju.eu\/wp-content\/uploads\/2020\/10\/170-6_b.jpg\",\"width\":1000,\"height\":1000},{\"@type\":\"BreadcrumbList\",\"@id\":\"https:\/\/www.ju.eu\/produkt\/ersatzschluessel-2\/#breadcrumb\",\"itemListElement\":[{\"@type\":\"ListItem\",\"position\":1,\"name\":\"Startseite\",\"item\":\"https:\/\/www.ju.eu\/en\/\"},{\"@type\":\"ListItem\",\"position\":2,\"name\":\"Shop\",\"item\":\"https:\/\/www.ju.eu\/en\/shop\/\"},{\"@type\":\"ListItem\",\"position\":3,\"name\":\"Art.Nr. 21-122 Ersatzschl\u00fcssel\"}]},{\"@type\":\"WebSite\",\"@id\":\"https:\/\/www.ju.eu\/#website\",\"url\":\"https:\/\/www.ju.eu\/\",\"name\":\"JU-Metallwarenfabrik GmbH\",\"description\":\"Briefkasten und Briefkastenanlagen, Qualit\u00e4t made in Germany\",\"potentialAction\":[{\"@type\":\"SearchAction\",\"target\":{\"@type\":\"EntryPoint\",\"urlTemplate\":\"https:\/\/www.ju.eu\/?s={search_term_string}\"},\"query-input\":{\"@type\":\"PropertyValueSpecification\",\"valueRequired\":true,\"valueName\":\"search_term_string\"}}],\"inLanguage\":\"en-US\"}]}<\/script>\n<!-- \/ Yoast SEO plugin. -->","yoast_head_json":{"title":"Art.Nr. 21-122 Ersatzschl\u00fcssel - JU-Metallwarenfabrik GmbH","robots":{"index":"index","follow":"follow","max-snippet":"max-snippet:-1","max-image-preview":"max-image-preview:large","max-video-preview":"max-video-preview:-1"},"canonical":"https:\/\/www.ju.eu\/produkt\/ersatzschluessel-2\/","og_locale":"en_US","og_type":"article","og_title":"Art.Nr. 21-122 Ersatzschl\u00fcssel - JU-Metallwarenfabrik GmbH","og_description":"z. Bsp. f\u00fcr Schlie\u00dfungen mit Profil 0, 25&hellip; Read More","og_url":"https:\/\/www.ju.eu\/produkt\/ersatzschluessel-2\/","og_site_name":"JU-Metallwarenfabrik GmbH","article_modified_time":"2025-01-16T09:49:38+00:00","og_image":[{"width":1000,"height":1000,"url":"https:\/\/www.ju.eu\/wp-content\/uploads\/2020\/10\/170-6_b.jpg","type":"image\/jpeg"}],"twitter_card":"summary_large_image","schema":{"@context":"https:\/\/schema.org","@graph":[{"@type":"WebPage","@id":"https:\/\/www.ju.eu\/produkt\/ersatzschluessel-2\/","url":"https:\/\/www.ju.eu\/produkt\/ersatzschluessel-2\/","name":"Art.Nr. 21-122 Ersatzschl\u00fcssel - JU-Metallwarenfabrik GmbH","isPartOf":{"@id":"https:\/\/www.ju.eu\/#website"},"primaryImageOfPage":{"@id":"https:\/\/www.ju.eu\/produkt\/ersatzschluessel-2\/#primaryimage"},"image":{"@id":"https:\/\/www.ju.eu\/produkt\/ersatzschluessel-2\/#primaryimage"},"thumbnailUrl":"https:\/\/www.ju.eu\/wp-content\/uploads\/2020\/10\/170-6_b.jpg","datePublished":"2020-10-16T03:39:12+00:00","dateModified":"2025-01-16T09:49:38+00:00","breadcrumb":{"@id":"https:\/\/www.ju.eu\/produkt\/ersatzschluessel-2\/#breadcrumb"},"inLanguage":"en-US","potentialAction":[{"@type":"ReadAction","target":["https:\/\/www.ju.eu\/produkt\/ersatzschluessel-2\/"]}]},{"@type":"ImageObject","inLanguage":"en-US","@id":"https:\/\/www.ju.eu\/produkt\/ersatzschluessel-2\/#primaryimage","url":"https:\/\/www.ju.eu\/wp-content\/uploads\/2020\/10\/170-6_b.jpg","contentUrl":"https:\/\/www.ju.eu\/wp-content\/uploads\/2020\/10\/170-6_b.jpg","width":1000,"height":1000},{"@type":"BreadcrumbList","@id":"https:\/\/www.ju.eu\/produkt\/ersatzschluessel-2\/#breadcrumb","itemListElement":[{"@type":"ListItem","position":1,"name":"Startseite","item":"https:\/\/www.ju.eu\/en\/"},{"@type":"ListItem","position":2,"name":"Shop","item":"https:\/\/www.ju.eu\/en\/shop\/"},{"@type":"ListItem","position":3,"name":"Art.Nr. 21-122 Ersatzschl\u00fcssel"}]},{"@type":"WebSite","@id":"https:\/\/www.ju.eu\/#website","url":"https:\/\/www.ju.eu\/","name":"JU-Metallwarenfabrik GmbH","description":"Briefkasten und Briefkastenanlagen, Qualit\u00e4t made in Germany","potentialAction":[{"@type":"SearchAction","target":{"@type":"EntryPoint","urlTemplate":"https:\/\/www.ju.eu\/?s={search_term_string}"},"query-input":{"@type":"PropertyValueSpecification","valueRequired":true,"valueName":"search_term_string"}}],"inLanguage":"en-US"}]}},"_links":{"self":[{"href":"https:\/\/www.ju.eu\/en\/wp-json\/wp\/v2\/product\/4408","targetHints":{"allow":["GET"]}}],"collection":[{"href":"https:\/\/www.ju.eu\/en\/wp-json\/wp\/v2\/product"}],"about":[{"href":"https:\/\/www.ju.eu\/en\/wp-json\/wp\/v2\/types\/product"}],"wp:featuredmedia":[{"embeddable":true,"href":"https:\/\/www.ju.eu\/en\/wp-json\/wp\/v2\/media\/4576"}],"wp:attachment":[{"href":"https:\/\/www.ju.eu\/en\/wp-json\/wp\/v2\/media?parent=4408"}],"wp:term":[{"taxonomy":"product_brand","embeddable":true,"href":"https:\/\/www.ju.eu\/en\/wp-json\/wp\/v2\/product_brand?post=4408"},{"taxonomy":"product_cat","embeddable":true,"href":"https:\/\/www.ju.eu\/en\/wp-json\/wp\/v2\/product_cat?post=4408"},{"taxonomy":"product_tag","embeddable":true,"href":"https:\/\/www.ju.eu\/en\/wp-json\/wp\/v2\/product_tag?post=4408"}],"curies":[{"name":"wp","href":"https:\/\/api.w.org\/{rel}","templated":true}]}}