{"id":4415,"date":"2020-10-16T03:50:49","date_gmt":"2020-10-16T03:50:49","guid":{"rendered":"https:\/\/www.ju.eu\/?post_type=product&#038;p=4415"},"modified":"2025-01-16T10:46:15","modified_gmt":"2025-01-16T09:46:15","slug":"namensschild","status":"publish","type":"product","link":"https:\/\/www.ju.eu\/en\/produkt\/namensschild\/","title":{"rendered":"Art.Nr. 21-134Namensschild diebstahlgesichert"},"content":{"rendered":"","protected":false},"excerpt":{"rendered":"<p><strong>Ma\u00dfe:<\/strong> Breite 87 mm; H\u00f6he 26 mm<br \/>\n<strong>Schriftfl\u00e4che:<\/strong> Breite 56 mm; H\u00f6he 13,5 mm<\/p>\n<p>diebstahlgesichert, fl\u00e4chenb\u00fcndig,<br \/>\naus Plexiglas<br \/>\nohne Einleger (w\u00e4hlen Sie Ihren gew\u00fcnschten Einleger in den Optionen)&hellip; <a class=\"read-more\" href=\"https:\/\/www.ju.eu\/en\/produkt\/namensschild\/\">Read More<\/a><\/p>\n","protected":false},"featured_media":4434,"template":"","meta":{"_acf_changed":false,"rs_blank_template":"","rs_page_bg_color":"","slide_template_v7":""},"product_brand":[],"product_cat":[31,83],"product_tag":[],"class_list":{"0":"post-4415","1":"product","2":"type-product","3":"status-publish","4":"has-post-thumbnail","6":"product_cat-ersatzteile","7":"product_cat-namensschild","8":"pa_einleger-einleger-edelstahl","9":"pa_einleger-einleger-eloxiert","10":"pa_einleger-einleger-resopal","11":"pa_einleger-einleger-standard-papier","12":"pa_ersatzteile-namensschild","14":"first","15":"instock","16":"taxable","17":"shipping-taxable","18":"purchasable","19":"product-type-variable","20":"has-default-attributes"},"exclude_global_add_ons":false,"addons":[{"name":"Beschriftung","type":"multiple_choice","position":0,"required":false,"title_format":"label","default":"","description_enable":false,"description":"","placeholder_enable":false,"placeholder":"","display":"select","restrictions_type":"any_text","adjust_price":false,"price":"","price_type":"flat_fee","restrictions":false,"min":"0","max":"0","options":[{"label":"Namensgravur (Name unten eintragen)","price":"12.80","price_type":"flat_fee","image":0,"visibility":true},{"label":"Werbung \"JA\"","price":"10.60","price_type":"flat_fee","image":0,"visibility":true},{"label":"Werbung \"NEIN\"","price":"10.60","price_type":"flat_fee","image":0,"visibility":true},{"label":"Lichtsymbol","price":"10.60","price_type":"flat_fee","image":0,"visibility":true}],"id":1737024375},{"name":"Eingabe f\u00fcr Namensgravur","type":"custom_text","position":1,"required":false,"title_format":"label","default":"","description_enable":true,"description":"F\u00fcllen Sie dieses Feld ausschlie\u00dflich bei einer Bestellung des Namensschild diebstahlgesichert mit Beschriftungstyp \"Namensgravur\" (zzgl. 12,80 \u20ac) aus. Bei Wahl des Namensschild diebstahlgesichert mit einer anderen Beschriftung als \"Namensgravur\" wird dieses Eingabefeld ignoriert.","placeholder_enable":false,"placeholder":"","display":"select","restrictions_type":"any_text","adjust_price":false,"price":"","price_type":"flat_fee","restrictions":true,"min":"0","max":"30","options":[],"id":1737024376},{"name":"Beleuchtung","type":"checkbox","position":2,"required":false,"title_format":"hide","default":"","description_enable":false,"description":"","placeholder_enable":false,"placeholder":"","display":"select","restrictions_type":"any_text","adjust_price":false,"price":"","price_type":"flat_fee","restrictions":false,"min":"0","max":"0","options":[{"label":"mit Beleuchtung","price":"18.50","price_type":"flat_fee","image":0,"visibility":true}],"id":1737024377}],"acf":[],"yoast_head":"<!-- This site is optimized with the Yoast SEO plugin v27.4 - https:\/\/yoast.com\/product\/yoast-seo-wordpress\/ -->\n<title>Art.Nr. 21-134Namensschild diebstahlgesichert - JU-Metallwarenfabrik GmbH<\/title>\n<meta name=\"robots\" content=\"index, follow, max-snippet:-1, max-image-preview:large, max-video-preview:-1\" \/>\n<link rel=\"canonical\" href=\"https:\/\/www.ju.eu\/produkt\/namensschild\/\" \/>\n<meta property=\"og:locale\" content=\"en_US\" \/>\n<meta property=\"og:type\" content=\"article\" \/>\n<meta property=\"og:title\" content=\"Art.Nr. 21-134Namensschild diebstahlgesichert - JU-Metallwarenfabrik GmbH\" \/>\n<meta property=\"og:description\" content=\"Ma\u00dfe: Breite 87 mm; H\u00f6he 26 mm Schriftfl\u00e4che: Breite 56 mm; H\u00f6he 13,5 mm  diebstahlgesichert, fl\u00e4chenb\u00fcndig, aus Plexiglas ohne Einleger (w\u00e4hlen Sie Ihren gew\u00fcnschten Einleger in den Optionen)&hellip; Read More\" \/>\n<meta property=\"og:url\" content=\"https:\/\/www.ju.eu\/produkt\/namensschild\/\" \/>\n<meta property=\"og:site_name\" content=\"JU-Metallwarenfabrik GmbH\" \/>\n<meta property=\"article:modified_time\" content=\"2025-01-16T09:46:15+00:00\" \/>\n<meta property=\"og:image\" content=\"https:\/\/www.ju.eu\/wp-content\/uploads\/2020\/10\/169-9_b.jpg\" \/>\n\t<meta property=\"og:image:width\" content=\"1000\" \/>\n\t<meta property=\"og:image:height\" content=\"1000\" \/>\n\t<meta property=\"og:image:type\" content=\"image\/jpeg\" \/>\n<meta name=\"twitter:card\" content=\"summary_large_image\" \/>\n<meta name=\"twitter:label1\" content=\"Est. reading time\" \/>\n\t<meta name=\"twitter:data1\" content=\"1 minute\" \/>\n<script type=\"application\/ld+json\" class=\"yoast-schema-graph\">{\"@context\":\"https:\\\/\\\/schema.org\",\"@graph\":[{\"@type\":\"WebPage\",\"@id\":\"https:\\\/\\\/www.ju.eu\\\/produkt\\\/namensschild\\\/\",\"url\":\"https:\\\/\\\/www.ju.eu\\\/produkt\\\/namensschild\\\/\",\"name\":\"Art.Nr. 21-134Namensschild diebstahlgesichert - JU-Metallwarenfabrik GmbH\",\"isPartOf\":{\"@id\":\"https:\\\/\\\/www.ju.eu\\\/#website\"},\"primaryImageOfPage\":{\"@id\":\"https:\\\/\\\/www.ju.eu\\\/produkt\\\/namensschild\\\/#primaryimage\"},\"image\":{\"@id\":\"https:\\\/\\\/www.ju.eu\\\/produkt\\\/namensschild\\\/#primaryimage\"},\"thumbnailUrl\":\"https:\\\/\\\/www.ju.eu\\\/wp-content\\\/uploads\\\/2020\\\/10\\\/169-9_b.jpg\",\"datePublished\":\"2020-10-16T03:50:49+00:00\",\"dateModified\":\"2025-01-16T09:46:15+00:00\",\"breadcrumb\":{\"@id\":\"https:\\\/\\\/www.ju.eu\\\/produkt\\\/namensschild\\\/#breadcrumb\"},\"inLanguage\":\"en-US\",\"potentialAction\":[{\"@type\":\"ReadAction\",\"target\":[\"https:\\\/\\\/www.ju.eu\\\/produkt\\\/namensschild\\\/\"]}]},{\"@type\":\"ImageObject\",\"inLanguage\":\"en-US\",\"@id\":\"https:\\\/\\\/www.ju.eu\\\/produkt\\\/namensschild\\\/#primaryimage\",\"url\":\"https:\\\/\\\/www.ju.eu\\\/wp-content\\\/uploads\\\/2020\\\/10\\\/169-9_b.jpg\",\"contentUrl\":\"https:\\\/\\\/www.ju.eu\\\/wp-content\\\/uploads\\\/2020\\\/10\\\/169-9_b.jpg\",\"width\":1000,\"height\":1000},{\"@type\":\"BreadcrumbList\",\"@id\":\"https:\\\/\\\/www.ju.eu\\\/produkt\\\/namensschild\\\/#breadcrumb\",\"itemListElement\":[{\"@type\":\"ListItem\",\"position\":1,\"name\":\"Startseite\",\"item\":\"https:\\\/\\\/www.ju.eu\\\/en\\\/\"},{\"@type\":\"ListItem\",\"position\":2,\"name\":\"Shop\",\"item\":\"https:\\\/\\\/www.ju.eu\\\/en\\\/shop\\\/\"},{\"@type\":\"ListItem\",\"position\":3,\"name\":\"Art.Nr. 21-134Namensschild diebstahlgesichert\"}]},{\"@type\":\"WebSite\",\"@id\":\"https:\\\/\\\/www.ju.eu\\\/#website\",\"url\":\"https:\\\/\\\/www.ju.eu\\\/\",\"name\":\"JU-Metallwarenfabrik GmbH\",\"description\":\"Briefkasten und Briefkastenanlagen, Qualit\u00e4t made in Germany\",\"potentialAction\":[{\"@type\":\"SearchAction\",\"target\":{\"@type\":\"EntryPoint\",\"urlTemplate\":\"https:\\\/\\\/www.ju.eu\\\/?s={search_term_string}\"},\"query-input\":{\"@type\":\"PropertyValueSpecification\",\"valueRequired\":true,\"valueName\":\"search_term_string\"}}],\"inLanguage\":\"en-US\"}]}<\/script>\n<!-- \/ Yoast SEO plugin. -->","yoast_head_json":{"title":"Art.Nr. 21-134Namensschild diebstahlgesichert - JU-Metallwarenfabrik GmbH","robots":{"index":"index","follow":"follow","max-snippet":"max-snippet:-1","max-image-preview":"max-image-preview:large","max-video-preview":"max-video-preview:-1"},"canonical":"https:\/\/www.ju.eu\/produkt\/namensschild\/","og_locale":"en_US","og_type":"article","og_title":"Art.Nr. 21-134Namensschild diebstahlgesichert - JU-Metallwarenfabrik GmbH","og_description":"Ma\u00dfe: Breite 87 mm; H\u00f6he 26 mm Schriftfl\u00e4che: Breite 56 mm; H\u00f6he 13,5 mm  diebstahlgesichert, fl\u00e4chenb\u00fcndig, aus Plexiglas ohne Einleger (w\u00e4hlen Sie Ihren gew\u00fcnschten Einleger in den Optionen)&hellip; Read More","og_url":"https:\/\/www.ju.eu\/produkt\/namensschild\/","og_site_name":"JU-Metallwarenfabrik GmbH","article_modified_time":"2025-01-16T09:46:15+00:00","og_image":[{"width":1000,"height":1000,"url":"https:\/\/www.ju.eu\/wp-content\/uploads\/2020\/10\/169-9_b.jpg","type":"image\/jpeg"}],"twitter_card":"summary_large_image","twitter_misc":{"Est. reading time":"1 minute"},"schema":{"@context":"https:\/\/schema.org","@graph":[{"@type":"WebPage","@id":"https:\/\/www.ju.eu\/produkt\/namensschild\/","url":"https:\/\/www.ju.eu\/produkt\/namensschild\/","name":"Art.Nr. 21-134Namensschild diebstahlgesichert - JU-Metallwarenfabrik GmbH","isPartOf":{"@id":"https:\/\/www.ju.eu\/#website"},"primaryImageOfPage":{"@id":"https:\/\/www.ju.eu\/produkt\/namensschild\/#primaryimage"},"image":{"@id":"https:\/\/www.ju.eu\/produkt\/namensschild\/#primaryimage"},"thumbnailUrl":"https:\/\/www.ju.eu\/wp-content\/uploads\/2020\/10\/169-9_b.jpg","datePublished":"2020-10-16T03:50:49+00:00","dateModified":"2025-01-16T09:46:15+00:00","breadcrumb":{"@id":"https:\/\/www.ju.eu\/produkt\/namensschild\/#breadcrumb"},"inLanguage":"en-US","potentialAction":[{"@type":"ReadAction","target":["https:\/\/www.ju.eu\/produkt\/namensschild\/"]}]},{"@type":"ImageObject","inLanguage":"en-US","@id":"https:\/\/www.ju.eu\/produkt\/namensschild\/#primaryimage","url":"https:\/\/www.ju.eu\/wp-content\/uploads\/2020\/10\/169-9_b.jpg","contentUrl":"https:\/\/www.ju.eu\/wp-content\/uploads\/2020\/10\/169-9_b.jpg","width":1000,"height":1000},{"@type":"BreadcrumbList","@id":"https:\/\/www.ju.eu\/produkt\/namensschild\/#breadcrumb","itemListElement":[{"@type":"ListItem","position":1,"name":"Startseite","item":"https:\/\/www.ju.eu\/en\/"},{"@type":"ListItem","position":2,"name":"Shop","item":"https:\/\/www.ju.eu\/en\/shop\/"},{"@type":"ListItem","position":3,"name":"Art.Nr. 21-134Namensschild diebstahlgesichert"}]},{"@type":"WebSite","@id":"https:\/\/www.ju.eu\/#website","url":"https:\/\/www.ju.eu\/","name":"JU-Metallwarenfabrik GmbH","description":"Briefkasten und Briefkastenanlagen, Qualit\u00e4t made in Germany","potentialAction":[{"@type":"SearchAction","target":{"@type":"EntryPoint","urlTemplate":"https:\/\/www.ju.eu\/?s={search_term_string}"},"query-input":{"@type":"PropertyValueSpecification","valueRequired":true,"valueName":"search_term_string"}}],"inLanguage":"en-US"}]}},"_links":{"self":[{"href":"https:\/\/www.ju.eu\/en\/wp-json\/wp\/v2\/product\/4415","targetHints":{"allow":["GET"]}}],"collection":[{"href":"https:\/\/www.ju.eu\/en\/wp-json\/wp\/v2\/product"}],"about":[{"href":"https:\/\/www.ju.eu\/en\/wp-json\/wp\/v2\/types\/product"}],"wp:featuredmedia":[{"embeddable":true,"href":"https:\/\/www.ju.eu\/en\/wp-json\/wp\/v2\/media\/4434"}],"wp:attachment":[{"href":"https:\/\/www.ju.eu\/en\/wp-json\/wp\/v2\/media?parent=4415"}],"wp:term":[{"taxonomy":"product_brand","embeddable":true,"href":"https:\/\/www.ju.eu\/en\/wp-json\/wp\/v2\/product_brand?post=4415"},{"taxonomy":"product_cat","embeddable":true,"href":"https:\/\/www.ju.eu\/en\/wp-json\/wp\/v2\/product_cat?post=4415"},{"taxonomy":"product_tag","embeddable":true,"href":"https:\/\/www.ju.eu\/en\/wp-json\/wp\/v2\/product_tag?post=4415"}],"curies":[{"name":"wp","href":"https:\/\/api.w.org\/{rel}","templated":true}]}}